{"id":2781,"date":"2013-05-08T17:38:15","date_gmt":"2013-05-08T15:38:15","guid":{"rendered":"http:\/\/www.vincenzopaglia.it\/cms\/?page_id=2781"},"modified":"2025-06-13T16:39:38","modified_gmt":"2025-06-13T14:39:38","slug":"vincenzo-paglia-pl","status":"publish","type":"page","link":"https:\/\/www.vincenzopaglia.it\/index.php\/vincenzo-paglia-pl","title":{"rendered":"Vincenzo Paglia"},"content":{"rendered":"<p><a style=\"float: left; padding: 0 10px 10px 0;\" href=\"http:\/\/www.vincenzopaglia.it\/wp-content\/uploads\/2010\/01\/DSC00818.jpg\"><img loading=\"lazy\" decoding=\"async\" class=\"alignnone size-medium wp-image-16866\" src=\"http:\/\/www.vincenzopaglia.it\/wp-content\/uploads\/2010\/01\/DSC00818-225x300.jpg\" alt=\"Decennale dell'episcopato\" width=\"210\" height=\"280\" srcset=\"https:\/\/www.vincenzopaglia.it\/wp-content\/uploads\/2010\/01\/DSC00818-225x300.jpg 225w, https:\/\/www.vincenzopaglia.it\/wp-content\/uploads\/2010\/01\/DSC00818-120x160.jpg 120w, https:\/\/www.vincenzopaglia.it\/wp-content\/uploads\/2010\/01\/DSC00818.jpg 270w\" sizes=\"auto, (max-width: 210px) 100vw, 210px\" \/><\/a>Vincenzo Paglia, ur.21 kwietnia 1945, przyj\u0105\u0142 \u015bwi\u0119cenia kap\u0142a\u0144skie w 1970 r. Od 1981 do 2000 r. by\u0142 asystentem generalnym Wsp\u00f3lnoty sw. Idiego i jednocze\u015bnie proboszczem rzymskiej bazyliki Santa Maria in Trastevere, celu pielgrzymek ludzi ubogich, bezdomnych, w zaawansowanym wieku, oraz imigrat\u00f3w z kraj\u00f3w ca\u0142ego \u015awiata.<\/p>\n<p>W 2000 r. zosta\u0142 mianowany biskupem Terni-Narni-Amelia. Od 2002 r.\u00a0 do 2014 r. jest przewodnicz\u0105cym Katolikiej Federaci Biblijnej. By\u0142 specjalnym wys\u0142annikiem Stolicy Apostoliskiej podczas wojny w Kosowie. By\u0142 odpowiedzialny za przygotowanie papieskich pielgrzymek do Rumunii i Albanii.<\/p>\n<p>Za zaanga\u017cowanie dla pokoju na \u015bwiecie UNESCO przyzna\u0142o mu w 1999 r. Medal Gandhiego, a rz\u0105d alba\u0144ski uhonorowa\u0142 go w 2003 r. Nagrod\u0105 Matki Teresy.\u00a0Otrzyma\u0142 rownie\u017c nagrod\u0119 Ibrahima Rugova od rz\u0105du Kosowa oraz nagrod\u0119 &#8220;Noble Amigo&#8221; od rz\u0105du Salwadoru.<\/p>\n<p>Jest znanym dziennikarzem prasowym, radiowym i telewizjnym, autorem wielu ksi\u0105\u017cek i publikacji z dziedziny biblistki i historii Ko\u015bcio\u0142a, wydanych r\u00f3wnie\u017c w jezyku polskim.<\/p>\n<p>W 2005 r. za\u0142o\u017cy\u0142 <a href=\"http:\/\/www.ternifilmfestival.it\">Festiwal Filmowy w Terni<\/a>, po\u015bwi\u0119cony dialogowi mi\u0119dzy narodami i religiami.<\/p>\n<p>Od 2012 roku jest prezydentem Papieskiej Rady ds. Rodziny w Watykanie.<\/p>\n<p>W dniu 15 \u00a0sierpnia 2016 zosta\u0142 mianowany przewodnicz\u0105cym Papieskiej Akademii \u017bycia i Wielkim Kanclerzem Papieskiego Instytutu Jana Paw\u0142a II Studi\u00f3w nad Ma\u0142\u017ce\u0144stwem i Rodzin\u0105. Z obu stanowisk odszed\u0142 w 2025 r., w wieku 80 lat.<\/p>\n<p>W dniu 4 pa\u017adziernika 2017 r. zosta\u0142 mianowany cz\u0142onkiem Kongregacji ds. Ewangelizacji Narod\u00f3w, a 11 stycznia 2018 r. zosta\u0142 cz\u0142onkiem Kongregacji Spraw Kanonizacyjnych.<\/p>\n<p>W 2020 r. zosta\u0142 mianowany przez ministra zdrowia rz\u0105du w\u0142oskiego przewodnicz\u0105cym Komisji ds. reformy opieki zdrowotnej i spo\u0142ecznej nad osobami starszymi. Od 2024 r. jest prezesem <a href=\"https:\/\/www.fondazioneetagrande.it\/\">Fundacji Et\u00e0 Grande<\/a>.<\/p>\n","protected":false},"excerpt":{"rendered":"<p>Vincenzo Paglia, ur.21 kwietnia 1945, przyj\u0105\u0142 \u015bwi\u0119cenia kap\u0142a\u0144skie w 1970 r. Od 1981 do 2000 r. by\u0142 asystentem generalnym Wsp\u00f3lnoty sw. Idiego i jednocze\u015bnie proboszczem rzymskiej bazyliki Santa Maria in Trastevere, celu pielgrzymek ludzi ubogich, bezdomnych, w zaawansowanym wieku, oraz imigrat\u00f3w z kraj\u00f3w ca\u0142ego \u015awiata. W 2000 r. zosta\u0142 mianowany biskupem Terni-Narni-Amelia. Od 2002 r.\u00a0 [&hellip;]<\/p>\n","protected":false},"author":2,"featured_media":0,"parent":0,"menu_order":0,"comment_status":"open","ping_status":"closed","template":"","meta":{"footnotes":""},"class_list":["post-2781","page","type-page","status-publish","hentry"],"_links":{"self":[{"href":"https:\/\/www.vincenzopaglia.it\/index.php\/wp-json\/wp\/v2\/pages\/2781","targetHints":{"allow":["GET"]}}],"collection":[{"href":"https:\/\/www.vincenzopaglia.it\/index.php\/wp-json\/wp\/v2\/pages"}],"about":[{"href":"https:\/\/www.vincenzopaglia.it\/index.php\/wp-json\/wp\/v2\/types\/page"}],"author":[{"embeddable":true,"href":"https:\/\/www.vincenzopaglia.it\/index.php\/wp-json\/wp\/v2\/users\/2"}],"replies":[{"embeddable":true,"href":"https:\/\/www.vincenzopaglia.it\/index.php\/wp-json\/wp\/v2\/comments?post=2781"}],"version-history":[{"count":7,"href":"https:\/\/www.vincenzopaglia.it\/index.php\/wp-json\/wp\/v2\/pages\/2781\/revisions"}],"predecessor-version":[{"id":27493,"href":"https:\/\/www.vincenzopaglia.it\/index.php\/wp-json\/wp\/v2\/pages\/2781\/revisions\/27493"}],"wp:attachment":[{"href":"https:\/\/www.vincenzopaglia.it\/index.php\/wp-json\/wp\/v2\/media?parent=2781"}],"curies":[{"name":"wp","href":"https:\/\/api.w.org\/{rel}","templated":true}]}}