{"id":2779,"date":"2013-05-08T17:30:01","date_gmt":"2013-05-08T15:30:01","guid":{"rendered":"http:\/\/www.vincenzopaglia.it\/cms\/?page_id=2779"},"modified":"2025-06-13T16:36:00","modified_gmt":"2025-06-13T14:36:00","slug":"vincenzo-paglia-fra","status":"publish","type":"page","link":"https:\/\/www.vincenzopaglia.it\/index.php\/vincenzo-paglia-fra","title":{"rendered":"Vincenzo Paglia"},"content":{"rendered":"<p><a style=\"float: left; padding: 0 10px 10px 0;\" href=\"http:\/\/www.vincenzopaglia.it\/wp-content\/uploads\/2010\/01\/DSC00818.jpg\"><img loading=\"lazy\" decoding=\"async\" class=\"alignnone size-medium wp-image-16866\" src=\"http:\/\/www.vincenzopaglia.it\/wp-content\/uploads\/2010\/01\/DSC00818-225x300.jpg\" alt=\"Decennale dell'episcopato\" width=\"210\" height=\"280\" srcset=\"https:\/\/www.vincenzopaglia.it\/wp-content\/uploads\/2010\/01\/DSC00818-225x300.jpg 225w, https:\/\/www.vincenzopaglia.it\/wp-content\/uploads\/2010\/01\/DSC00818-120x160.jpg 120w, https:\/\/www.vincenzopaglia.it\/wp-content\/uploads\/2010\/01\/DSC00818.jpg 270w\" sizes=\"auto, (max-width: 210px) 100vw, 210px\" \/><\/a>Est n\u00e9 \u00e0 Boville Ernica (Frosinone, Italie), le 21 Avril 1945, et il a \u00e9t\u00e9 licence en th\u00e9ologie et en philosophie de l\u2019Universit\u00e9 du Latran et la ma\u00eetrise en p\u00e9dagogie de l\u2019Universit\u00e9 d\u2019Urbino.<br \/>\nIl a \u00e9t\u00e9 ordonn\u00e9 pr\u00eatre le 15 Mars, 1970, et a servi de 1981 \u00e0 2000 comme cur\u00e9 de la Basilique de Santa Maria in Trastevere \u00e0 Rome. Il a aussi \u00e9t\u00e9 l\u2019assistant eccl\u00e9siastique de la Communaut\u00e9 de Sant\u2019Egidio et est le postulateur de la cause de b\u00e9atification de l\u2019archev\u00eaque de San Salvador, Oscar Arnulfo Romero.<br \/>\nLe 2 Avril 2000, il fut ordonn\u00e9 \u00e9v\u00eaque de Terni Narni Amelia dans la cath\u00e9drale de Saint-Jean de Latran. Depuis 2002 \u00e0 2014, il est pr\u00e9sident de la F\u00e9d\u00e9ration Biblique Catholique Internationale et, de 2004 \u00e0 2009, il a \u00e9galement \u00e9t\u00e9 pr\u00e9sident de la Commission \u00e9piscopale pour l\u00b4\u0153cum\u00e9nisme et le dialogue de la Conf\u00e9rence \u00e9piscopale italienne.<br \/>\nIl a jou\u00e9 un r\u00f4le important dans le dialogue entre le Vatican et l\u2019Eglise orthodoxe russe et roumaine, suivant avec une attention particuli\u00e8re la situation dans les Balkans. Il fut le premier pr\u00eatre \u00e0 recevoir l\u2019autorisation d\u2019entrer en Albanie avant les \u00e9lections libres en Mars 1991. Il a \u00e9t\u00e9 membre de la D\u00e9l\u00e9gation pontificale pour la premi\u00e8re Visite pastorale en Albanie et, \u00e0 ce titre, a obtenu la r\u00e9ouverture du s\u00e9minaire et la restitution de la cath\u00e9drale de Scutari. Son action a \u00e9t\u00e9 particuli\u00e8rement intense dans les questions relatives au Kosovo, o\u00f9 il a r\u00e9ussi la conclusion du seul accord entre Milosevic et Rugova pour la normalisation du syst\u00e8me scolaire\/\u00e9ducatif dans la r\u00e9gion et obtenu la lib\u00e9ration de Rugova pendant la guerre de 1999.<br \/>\nPour son travail en faveur de la paix, il a re\u00e7u la m\u00e9daille Gandhi de l\u2019UNESCO, le Prix de M\u00e8re Teresa du gouvernement albanais, le prix Ibrahim Rugova du gouvernement du Kosovo et l&#8217;honneur &#8220;Noble Amigo&#8221; du gouvernement d&#8217;El Salvador.<br \/>\nIl a \u00e9galement re\u00e7u le Golden Saint-Valentin, le Premio per il Dialogo Citt\u00e0 di Orvieto ainsi que les prix de Grinzane Terra d\u2019Otranto y \u00abErnest Hemingway Lignano Sabbiadoro\u00bb, et de la main du Patriarche Alexis le prix pour le Troisi\u00e8me centenaire de Saint Daniel Prince de Moscou.<br \/>\nIl a collabor\u00e9 avec la facult\u00e9 d\u2019histoire contemporaine \u00e0 l\u2019Universit\u00e9 &#8220;La Sapienza&#8221;\u00a0 de Rome, et il a publi\u00e9 des \u00e9tudes et des articles sur l\u2019histoire sociale et religieuse ainsi que sur l\u2019histoire de la pauvret\u00e9.<\/p>\n<p>En 2005, il a fond\u00e9 le festival du film de Terni, consacr\u00e9 au dialogue entre les peuples et les religions.<\/p>\n<p>Le 26 Juin 2012, le Pape Beno\u00eet XVI l\u2019a \u00e9lev\u00e9 \u00e0 la dignit\u00e9 d\u2019archev\u00eaque et nomm\u00e9 pr\u00e9sident du Conseil pontifical pour la famille.<\/p>\n<p>Le 15 ao\u00fbt 2016 a \u00e9t\u00e9 nomm\u00e9 pr\u00e9sident de l\u2019Acad\u00e9mie pontificale pour la vie et Grand Chancelier de l\u2019Institut pontifical Jean-Paul II pour les \u00e9tudes sur le mariage et la famille. Il a quitt\u00e9 ces deux postes en 2025, \u00e0 l&#8217;\u00e2ge de 80 ans.<\/p>\n<p>Le 4\u00a0octobre\u00a0a \u00e9t\u00e9 nomm\u00e9 membre de Propaganda Fide et le 11 janvier 2018 membre de\u00a0Congr\u00e9gation pour les causes des saints.<\/p>\n<p>En 2020, le ministre de la sant\u00e9 du gouvernement italien le nomme pr\u00e9sident de la Commission pour la r\u00e9forme des soins de sant\u00e9 et des services sociaux pour les personnes \u00e2g\u00e9es. Depuis 2024, il est pr\u00e9sident de la Fondation Et\u00e0 Grande.<\/p>\n","protected":false},"excerpt":{"rendered":"<p>Est n\u00e9 \u00e0 Boville Ernica (Frosinone, Italie), le 21 Avril 1945, et il a \u00e9t\u00e9 licence en th\u00e9ologie et en philosophie de l\u2019Universit\u00e9 du Latran et la ma\u00eetrise en p\u00e9dagogie de l\u2019Universit\u00e9 d\u2019Urbino. Il a \u00e9t\u00e9 ordonn\u00e9 pr\u00eatre le 15 Mars, 1970, et a servi de 1981 \u00e0 2000 comme cur\u00e9 de la Basilique de [&hellip;]<\/p>\n","protected":false},"author":2,"featured_media":0,"parent":0,"menu_order":0,"comment_status":"open","ping_status":"closed","template":"","meta":{"footnotes":""},"class_list":["post-2779","page","type-page","status-publish","hentry"],"_links":{"self":[{"href":"https:\/\/www.vincenzopaglia.it\/index.php\/wp-json\/wp\/v2\/pages\/2779","targetHints":{"allow":["GET"]}}],"collection":[{"href":"https:\/\/www.vincenzopaglia.it\/index.php\/wp-json\/wp\/v2\/pages"}],"about":[{"href":"https:\/\/www.vincenzopaglia.it\/index.php\/wp-json\/wp\/v2\/types\/page"}],"author":[{"embeddable":true,"href":"https:\/\/www.vincenzopaglia.it\/index.php\/wp-json\/wp\/v2\/users\/2"}],"replies":[{"embeddable":true,"href":"https:\/\/www.vincenzopaglia.it\/index.php\/wp-json\/wp\/v2\/comments?post=2779"}],"version-history":[{"count":6,"href":"https:\/\/www.vincenzopaglia.it\/index.php\/wp-json\/wp\/v2\/pages\/2779\/revisions"}],"predecessor-version":[{"id":27491,"href":"https:\/\/www.vincenzopaglia.it\/index.php\/wp-json\/wp\/v2\/pages\/2779\/revisions\/27491"}],"wp:attachment":[{"href":"https:\/\/www.vincenzopaglia.it\/index.php\/wp-json\/wp\/v2\/media?parent=2779"}],"curies":[{"name":"wp","href":"https:\/\/api.w.org\/{rel}","templated":true}]}}