{"id":20659,"date":"2015-06-04T00:04:01","date_gmt":"2015-06-03T22:04:01","guid":{"rendered":"http:\/\/www.vincenzopaglia.it\/?page_id=20659"},"modified":"2015-06-04T00:19:29","modified_gmt":"2015-06-03T22:19:29","slug":"privacy","status":"publish","type":"page","link":"https:\/\/www.vincenzopaglia.it\/index.php\/privacy","title":{"rendered":"Privacy"},"content":{"rendered":"<p><b>Informativa ai sensi dell&#8217;art. 13 del Decreto Legislativo 30 giugno 2003 n\u00b0 196<\/b><\/p>\n<p>Questo sito web utilizza Google Analytics, un servizio di analisi web fornito da Google, Inc. (&#8220;Google&#8221;).<\/p>\n<p>Google Analytics utilizza i &#8220;cookies&#8221;, file di testo depositati sul Vostro computer per consentire di raccogliere e analizzare in forma anonima le informazioni sui comportamenti di utlizzo del sito vincenzopaglia.it da parte Vostra (compreso il Vostro indirizzo IP).<\/p>\n<p>Tali informazioni vengono trasmesse a Google il quale le elabora allo scopo di redigere report per gli operatori di vincenzopaglia.it riguardanti le Vostre attivit\u00e0 sul sito web stesso.<\/p>\n<p>Questo sito non utilizza (e non consente a terzi di utilizzare) lo strumento di analisi di Google per monitorare o per raccogliere le Vostre informazioni personali di identificazione.<\/p>\n<p>Google non associa il vostro indirizzo IP a nessun altro dato posseduto da Google n\u00e8 cerca di collegare un indirizzo IP con l&#8217;identit\u00e0 di un utente di computer. Google pu\u00f2 anche trasferire queste informazioni a terzi ove ci\u00f2 sia imposto dalla legge o laddove tali terzi trattino le suddette informazioni per conto di Google.<\/p>\n<p>Potete rifiutarvi di usare i cookies selezionando l&#8217;impostazione appropriata sul vostro browser, ma ci\u00f2 potrebbe impedirvi di utilizzare tutte le funzionalit\u00e0 di questo sito web.<\/p>\n<p>Utilizzando il sito vincenzopaglia.it Voi acconsentite al trattamento dei Vostri dati da parte di Google per le modalit\u00e0 e i fini sopraindicati.<\/p>\n<p><strong>Titolare del Trattamento dei Dati<\/strong><\/p>\n<p>Pontificio Consiglio per la famiglia &#8211; Piazza di San Calisto 16 00153 Roma<br \/>\npcf@family.va<\/p>\n<p>Dal momento che l&#8217;installazione di Cookie e di altri sistemi di tracciamento operata da terze parti tramite i servizi utilizzati all&#8217;interno di questa Applicazione non pu\u00f2 essere tecnicamente controllata dal Titolare, ogni riferimento specifico a Cookie e sistemi di tracciamento installati da terze parti \u00e8 da considerarsi indicativo. Per ottenere informazioni complete, consulta la privacy policy degli eventuali servizi terzi elencati in questo documento.<\/p>\n<p>Nel caso in cui Lei abbia dubbi o preoccupazioni in merito all\u2019utilizzo dei cookie Le \u00e8 sempre possibile intervenire per impedirne l\u2019impostazione e la lettura, ad esempio modificando le impostazioni sulla privacy all\u2019interno del Suo browser al fine di bloccarne determinati tipi o utilizzando il tool che Le mettiamo a disposizione in questa Informativa.<\/p>\n<p>Poich\u00e9 ciascun browser &#8211; e spesso diverse versioni dello stesso browser &#8211; differiscono anche sensibilmente le une dalle altre se preferisce agire autonomamente mediante le preferenze del Suo browser pu\u00f2 trovare informazioni dettagliate sulla procedura necessaria nella guida del Suo browser. Per una panoramica delle modalit\u00e0 di azione per i browser pi\u00f9 comuni, pu\u00f2 visitare l&#8217;indirizzo<\/p>\n<p>http:\/\/www.cookiepedia.co.uk\/index.php?title=How_to_Manage_Cookies<\/p>\n<p>Vista l&#8217;oggettiva complessit\u00e0 legata all&#8217;identificazione delle tecnologie basate sui Cookie ed alla loro integrazione molto stretta con il funzionamento del web, l&#8217;Utente \u00e8 invitato a contattare il Titolare qualora volesse ricevere qualunque approfondimento relativo all&#8217;utilizzo dei Cookie stessi e ad eventuali utilizzi degli stessi \u2013 ad esempio ad opera di terzi \u2013 effettuati tramite questo sito.<\/p>\n","protected":false},"excerpt":{"rendered":"<p>Informativa ai sensi dell&#8217;art. 13 del Decreto Legislativo 30 giugno 2003 n\u00b0 196 Questo sito web utilizza Google Analytics, un servizio di analisi web fornito da Google, Inc. (&#8220;Google&#8221;). Google Analytics utilizza i &#8220;cookies&#8221;, file di testo depositati sul Vostro computer per consentire di raccogliere e analizzare in forma anonima le informazioni sui comportamenti di [&hellip;]<\/p>\n","protected":false},"author":1,"featured_media":0,"parent":0,"menu_order":0,"comment_status":"closed","ping_status":"closed","template":"","meta":{"footnotes":""},"class_list":["post-20659","page","type-page","status-publish","hentry"],"_links":{"self":[{"href":"https:\/\/www.vincenzopaglia.it\/index.php\/wp-json\/wp\/v2\/pages\/20659","targetHints":{"allow":["GET"]}}],"collection":[{"href":"https:\/\/www.vincenzopaglia.it\/index.php\/wp-json\/wp\/v2\/pages"}],"about":[{"href":"https:\/\/www.vincenzopaglia.it\/index.php\/wp-json\/wp\/v2\/types\/page"}],"author":[{"embeddable":true,"href":"https:\/\/www.vincenzopaglia.it\/index.php\/wp-json\/wp\/v2\/users\/1"}],"replies":[{"embeddable":true,"href":"https:\/\/www.vincenzopaglia.it\/index.php\/wp-json\/wp\/v2\/comments?post=20659"}],"version-history":[{"count":0,"href":"https:\/\/www.vincenzopaglia.it\/index.php\/wp-json\/wp\/v2\/pages\/20659\/revisions"}],"wp:attachment":[{"href":"https:\/\/www.vincenzopaglia.it\/index.php\/wp-json\/wp\/v2\/media?parent=20659"}],"curies":[{"name":"wp","href":"https:\/\/api.w.org\/{rel}","templated":true}]}}